{"id":3124,"date":"2018-07-05T01:04:27","date_gmt":"2018-07-04T22:04:27","guid":{"rendered":"https:\/\/www.gavias-theme.com\/wp\/inusti\/?page_id=3124"},"modified":"2023-05-22T17:28:00","modified_gmt":"2023-05-22T14:28:00","slug":"hizmetler","status":"publish","type":"page","link":"https:\/\/atlfactory.com\/en\/hizmetler\/","title":{"rendered":"Services"},"content":{"rendered":"<div data-elementor-type=\"wp-page\" data-elementor-id=\"3124\" class=\"elementor elementor-3124\">\n\t\t\t\t\t\t<section class=\"elementor-section elementor-top-section elementor-element elementor-element-1c672db elementor-section-boxed elementor-section-height-default elementor-section-height-default\" data-id=\"1c672db\" data-element_type=\"section\" data-e-type=\"section\" data-settings=\"{&quot;background_background&quot;:&quot;classic&quot;}\">\n\t\t\t\t\t\t<div class=\"elementor-container elementor-column-gap-default\">\n\t\t\t\t\t<div class=\"elementor-column elementor-col-100 elementor-top-column elementor-element elementor-element-0165fe9 top column-style-top\" data-id=\"0165fe9\" data-element_type=\"column\" data-e-type=\"column\">\n\t\t\t<div class=\"elementor-widget-wrap elementor-element-populated\">\n\t\t\t\t\t\t<div class=\"elementor-element elementor-element-30a61c6 elementor-widget elementor-widget-gva-heading-block\" data-id=\"30a61c6\" data-element_type=\"widget\" data-e-type=\"widget\" data-widget_type=\"gva-heading-block.default\">\n\t\t\t\t<div class=\"elementor-widget-container\">\n\t\t\t\t\t<div class=\"gva-element-gva-heading-block gva-element\">   <div class=\"align-center style-1 widget gsc-heading box-align-center\">\r\n      <div class=\"content-inner\">\r\n         \r\n                  \r\n                     <div class=\"clearfix\"><div class=\"sub-title\"><span>FAAL\u0130YET ALANLARIMIZ\u200b<\/span><\/div><\/div>\r\n           \r\n         \r\n                     <h2 class=\"title\">\r\n               <span>Hizmet Verdi\u011fimiz Sekt\u00f6rler<\/span>\r\n            <\/h2>\r\n                  \r\n         \r\n      <\/div>\r\n   <\/div>\r\n   <div class=\"clearfix\"><\/div>\r\n<\/div>\t\t\t\t<\/div>\n\t\t\t\t<\/div>\n\t\t\t\t<div class=\"elementor-element elementor-element-1316b49 elementor-widget elementor-widget-gva-services-group\" data-id=\"1316b49\" data-element_type=\"widget\" data-e-type=\"widget\" data-widget_type=\"gva-services-group.default\">\n\t\t\t\t<div class=\"elementor-widget-container\">\n\t\t\t\t\t<div class=\"gva-element-gva-services-group gva-element\">\r\n<div class=\"gsc-services-group layout-grid\">\r\n   <div class=\"lg-block-grid-3 md-block-grid-3 sm-block-grid-2 xs-block-grid-1 xx-block-grid-1\">\r\n               <div class=\"item-columns\">\r\n            \r\n   <div class=\"service-item style-1\">\r\n      <div class=\"service-item-content\">\r\n      \t\t<div class=\"service-image\">\t      \t\r\n\t\t\t\r\n\t\t\t\t\t\t\t<img decoding=\"async\" src=\"http:\/\/atlfactory.com\/wp-content\/uploads\/2023\/05\/elektirik.jpg\" alt=\"Elektrik sarf malzemeleri\" \/>\r\n\t\t\t\t\t\r\n\t            \t\t\t\t\t<span class=\"service-icon\">\r\n\t\t\t\t\t\t<i aria-hidden=\"true\" class=\"fas fa-screwdriver\"><\/i>\t\t\t\t\t<\/span>\r\n\t\t\t\t\t\t\t<\/div>\r\n            <div class=\"service-content\">\r\n\t\t\t\t\t\t\t\t\t<h3 class=\"title\"><span>Elektrik sarf malzemeleri<\/span><\/h3>\r\n\t\t\t\t\r\n\t\t\t\t\t\t\t\t\t<div class=\"desc\">\u0130htiya\u00e7 duyulan ve kullan\u0131lan elektrik ekipmanlar\u0131n\u0131n temini<\/div>\r\n\t\t\t\t\r\n\t\t\t\t\t\t\t\t\t\r\n\t\t\t\t\t<div class=\"read-more\">\r\n\t\t               <a href=\"http:\/\/atlfactory.com\/en\/\">\r\n\t\t               \t<i class=\"fas fa-long-arrow-alt-right\"><\/i>\r\n\t\t               <\/a>\r\n\t\t            <\/div>\r\n\t\t\t\t\t\t\t<\/div>\r\n\t\t<\/div>\r\n\t\t\r\n\t\t        <a href=\"http:\/\/atlfactory.com\/en\/\" class=\"link-overlay\" target=\"_blank\"><\/a>\r\n        \t<\/div>\t\t\r\n\t\r\n\r\n\r\n<!-- Style II -->\r\n\t         <\/div>\r\n               <div class=\"item-columns\">\r\n            \r\n   <div class=\"service-item style-1\">\r\n      <div class=\"service-item-content\">\r\n      \t\t<div class=\"service-image\">\t      \t\r\n\t\t\t\r\n\t\t\t\t\t\t\t<img decoding=\"async\" src=\"http:\/\/atlfactory.com\/wp-content\/uploads\/2022\/06\/ameliyathane.png\" alt=\"Ameliyathane Ekipmanlar\u0131\" \/>\r\n\t\t\t\t\t\r\n\t            \t\t\t\t\t<span class=\"service-icon\">\r\n\t\t\t\t\t\t<i aria-hidden=\"true\" class=\"fas fa-clinic-medical\"><\/i>\t\t\t\t\t<\/span>\r\n\t\t\t\t\t\t\t<\/div>\r\n            <div class=\"service-content\">\r\n\t\t\t\t\t\t\t\t\t<h3 class=\"title\"><span>Ameliyathane Ekipmanlar\u0131<\/span><\/h3>\r\n\t\t\t\t\r\n\t\t\t\t\t\t\t\t\t<div class=\"desc\">Ameliyathane ekipmanlar\u0131n\u0131n par\u00e7a temini sa\u011fl\u0131yoruz.<\/div>\r\n\t\t\t\t\r\n\t\t\t\t\t\t\t\t\t\r\n\t\t\t\t\t<div class=\"read-more\">\r\n\t\t               <a href=\"http:\/\/atlfactory.com\/en\/\">\r\n\t\t               \t<i class=\"fas fa-long-arrow-alt-right\"><\/i>\r\n\t\t               <\/a>\r\n\t\t            <\/div>\r\n\t\t\t\t\t\t\t<\/div>\r\n\t\t<\/div>\r\n\t\t\r\n\t\t        <a href=\"http:\/\/atlfactory.com\/en\/\" class=\"link-overlay\" target=\"_blank\"><\/a>\r\n        \t<\/div>\t\t\r\n\t\r\n\r\n\r\n<!-- Style II -->\r\n\t         <\/div>\r\n               <div class=\"item-columns\">\r\n            \r\n   <div class=\"service-item style-1\">\r\n      <div class=\"service-item-content\">\r\n      \t\t<div class=\"service-image\">\t      \t\r\n\t\t\t\r\n\t\t\t\t\t\t\t<img decoding=\"async\" src=\"http:\/\/atlfactory.com\/wp-content\/uploads\/2022\/06\/elektornik.png\" alt=\"Elektrik ve Elektronik Par\u00e7alar\" \/>\r\n\t\t\t\t\t\r\n\t            \t\t\t\t\t<span class=\"service-icon\">\r\n\t\t\t\t\t\t<i aria-hidden=\"true\" class=\"fi flaticon-mechanical-arm\"><\/i>\t\t\t\t\t<\/span>\r\n\t\t\t\t\t\t\t<\/div>\r\n            <div class=\"service-content\">\r\n\t\t\t\t\t\t\t\t\t<h3 class=\"title\"><span>Elektrik ve Elektronik Par\u00e7alar<\/span><\/h3>\r\n\t\t\t\t\r\n\t\t\t\t\t\t\t\t\t<div class=\"desc\">Elektrik ve elektronik par\u00e7a temini sa\u011fl\u0131yoruz.<\/div>\r\n\t\t\t\t\r\n\t\t\t\t\t\t\t\t\t\r\n\t\t\t\t\t<div class=\"read-more\">\r\n\t\t               <a href=\"http:\/\/atlfactory.com\/en\/\">\r\n\t\t               \t<i class=\"fas fa-long-arrow-alt-right\"><\/i>\r\n\t\t               <\/a>\r\n\t\t            <\/div>\r\n\t\t\t\t\t\t\t<\/div>\r\n\t\t<\/div>\r\n\t\t\r\n\t\t        <a href=\"http:\/\/atlfactory.com\/en\/\" class=\"link-overlay\" target=\"_blank\"><\/a>\r\n        \t<\/div>\t\t\r\n\t\r\n\r\n\r\n<!-- Style II -->\r\n\t         <\/div>\r\n               <div class=\"item-columns\">\r\n            \r\n   <div class=\"service-item style-1\">\r\n      <div class=\"service-item-content\">\r\n      \t\t<div class=\"service-image\">\t      \t\r\n\t\t\t\r\n\t\t\t\t\t\t\t<img decoding=\"async\" src=\"http:\/\/atlfactory.com\/wp-content\/uploads\/2022\/06\/evaletleri.png\" alt=\"Beyaz E\u015fya ve K\u00fc\u00e7\u00fck Ev Aletleri\" \/>\r\n\t\t\t\t\t\r\n\t            \t\t\t\t\t<span class=\"service-icon\">\r\n\t\t\t\t\t\t<i aria-hidden=\"true\" class=\"fi flaticon-manufacture\"><\/i>\t\t\t\t\t<\/span>\r\n\t\t\t\t\t\t\t<\/div>\r\n            <div class=\"service-content\">\r\n\t\t\t\t\t\t\t\t\t<h3 class=\"title\"><span>Beyaz E\u015fya ve K\u00fc\u00e7\u00fck Ev Aletleri<\/span><\/h3>\r\n\t\t\t\t\r\n\t\t\t\t\t\t\t\t\t<div class=\"desc\">Beyaz e\u015fya ve k\u00fc\u00e7\u00fck ev aletleri sat\u0131\u015f hizmetini sa\u011fl\u0131yoruz.<\/div>\r\n\t\t\t\t\r\n\t\t\t\t\t\t\t\t\t\r\n\t\t\t\t\t<div class=\"read-more\">\r\n\t\t               <a href=\"http:\/\/atlfactory.com\/en\/\">\r\n\t\t               \t<i class=\"fas fa-long-arrow-alt-right\"><\/i>\r\n\t\t               <\/a>\r\n\t\t            <\/div>\r\n\t\t\t\t\t\t\t<\/div>\r\n\t\t<\/div>\r\n\t\t\r\n\t\t        <a href=\"http:\/\/atlfactory.com\/en\/\" class=\"link-overlay\" target=\"_blank\"><\/a>\r\n        \t<\/div>\t\t\r\n\t\r\n\r\n\r\n<!-- Style II -->\r\n\t         <\/div>\r\n               <div class=\"item-columns\">\r\n            \r\n   <div class=\"service-item style-1\">\r\n      <div class=\"service-item-content\">\r\n      \t\t<div class=\"service-image\">\t      \t\r\n\t\t\t\r\n\t\t\t\t\t\t\t<img decoding=\"async\" src=\"http:\/\/atlfactory.com\/wp-content\/uploads\/2022\/06\/lojistik.png\" alt=\"Hava, Kara, Deniz Ta\u015f\u0131mac\u0131l\u0131\u011f\u0131\" \/>\r\n\t\t\t\t\t\r\n\t            \t\t\t\t\t<span class=\"service-icon\">\r\n\t\t\t\t\t\t<i aria-hidden=\"true\" class=\"fas fa-truck-moving\"><\/i>\t\t\t\t\t<\/span>\r\n\t\t\t\t\t\t\t<\/div>\r\n            <div class=\"service-content\">\r\n\t\t\t\t\t\t\t\t\t<h3 class=\"title\"><span>Hava, Kara, Deniz Ta\u015f\u0131mac\u0131l\u0131\u011f\u0131<\/span><\/h3>\r\n\t\t\t\t\r\n\t\t\t\t\t\t\t\t\t<div class=\"desc\">Y\u00fck ta\u015f\u0131mac\u0131l\u0131\u011f\u0131 hizmetini sa\u011fl\u0131yoruz<\/div>\r\n\t\t\t\t\r\n\t\t\t\t\t\t\t\t\t\r\n\t\t\t\t\t<div class=\"read-more\">\r\n\t\t               <a href=\"http:\/\/atlfactory.com\/en\/\">\r\n\t\t               \t<i class=\"fas fa-long-arrow-alt-right\"><\/i>\r\n\t\t               <\/a>\r\n\t\t            <\/div>\r\n\t\t\t\t\t\t\t<\/div>\r\n\t\t<\/div>\r\n\t\t\r\n\t\t        <a href=\"http:\/\/atlfactory.com\/en\/\" class=\"link-overlay\" target=\"_blank\"><\/a>\r\n        \t<\/div>\t\t\r\n\t\r\n\r\n\r\n<!-- Style II -->\r\n\t         <\/div>\r\n         <\/div>   \r\n<\/div>\r\n<\/div>\t\t\t\t<\/div>\n\t\t\t\t<\/div>\n\t\t\t\t\t<\/div>\n\t\t<\/div>\n\t\t\t\t\t<\/div>\n\t\t<\/section>\n\t\t\t\t<section class=\"elementor-section elementor-top-section elementor-element elementor-element-4391717 bg-row-theme elementor-section-boxed elementor-section-height-default elementor-section-height-default\" data-id=\"4391717\" data-element_type=\"section\" data-e-type=\"section\">\n\t\t\t\t\t\t<div class=\"elementor-container elementor-column-gap-default\">\n\t\t\t\t\t<div class=\"elementor-column elementor-col-100 elementor-top-column elementor-element elementor-element-ae57766 top column-style-top\" data-id=\"ae57766\" data-element_type=\"column\" data-e-type=\"column\">\n\t\t\t<div class=\"elementor-widget-wrap elementor-element-populated\">\n\t\t\t\t\t\t<div class=\"elementor-element elementor-element-002eb7d elementor-widget elementor-widget-gva-call-to-action\" data-id=\"002eb7d\" data-element_type=\"widget\" data-e-type=\"widget\" data-widget_type=\"gva-call-to-action.default\">\n\t\t\t\t<div class=\"elementor-widget-container\">\n\t\t\t\t\t<div class=\"gva-element-gva-call-to-action gva-element\">\r\n   <div class=\"button-right widget gsc-call-to-action\">\r\n      <div class=\"content-inner clearfix\" >\r\n         <div class=\"cta-content\">\r\n                           <h2 class=\"title\">\r\n                  <span>Ekibimizle ileti\u015fime ge\u00e7in<\/span>\r\n               <\/h2>\r\n                                             <\/div>\r\n                     <div class=\"button-action\">\r\n                       <a href=\"https:\/\/wa.me\/+905306691740?text=Merhaba!\" class=\"btn-cta btn-black\">\r\n          <span>\ud83d\udcde WHATSAPP<\/span>\r\n        <\/a>\r\n\r\n                    <\/div>\r\n               <\/div>\r\n   <\/div>\r\n<\/div>\t\t\t\t<\/div>\n\t\t\t\t<\/div>\n\t\t\t\t\t<\/div>\n\t\t<\/div>\n\t\t\t\t\t<\/div>\n\t\t<\/section>\n\t\t\t\t<\/div>","protected":false},"excerpt":{"rendered":"<p>FAAL\u0130YET ALANLARIMIZ\u200b Hizmet Verdi\u011fimiz Sekt\u00f6rler Elektrik sarf malzemeleri \u0130htiya\u00e7 duyulan ve kullan\u0131lan elektrik ekipmanlar\u0131n\u0131n temini Ameliyathane Ekipmanlar\u0131 Ameliyathane ekipmanlar\u0131n\u0131n par\u00e7a temini sa\u011fl\u0131yoruz. Elektrik ve Elektronik Par\u00e7alar Elektrik ve elektronik par\u00e7a [&hellip;]<\/p>\n","protected":false},"author":1,"featured_media":0,"parent":0,"menu_order":0,"comment_status":"closed","ping_status":"closed","template":"","meta":{"footnotes":""},"class_list":["post-3124","page","type-page","status-publish","hentry"],"aioseo_notices":[],"_links":{"self":[{"href":"https:\/\/atlfactory.com\/en\/wp-json\/wp\/v2\/pages\/3124","targetHints":{"allow":["GET"]}}],"collection":[{"href":"https:\/\/atlfactory.com\/en\/wp-json\/wp\/v2\/pages"}],"about":[{"href":"https:\/\/atlfactory.com\/en\/wp-json\/wp\/v2\/types\/page"}],"author":[{"embeddable":true,"href":"https:\/\/atlfactory.com\/en\/wp-json\/wp\/v2\/users\/1"}],"replies":[{"embeddable":true,"href":"https:\/\/atlfactory.com\/en\/wp-json\/wp\/v2\/comments?post=3124"}],"version-history":[{"count":94,"href":"https:\/\/atlfactory.com\/en\/wp-json\/wp\/v2\/pages\/3124\/revisions"}],"predecessor-version":[{"id":14272,"href":"https:\/\/atlfactory.com\/en\/wp-json\/wp\/v2\/pages\/3124\/revisions\/14272"}],"wp:attachment":[{"href":"https:\/\/atlfactory.com\/en\/wp-json\/wp\/v2\/media?parent=3124"}],"curies":[{"name":"wp","href":"https:\/\/api.w.org\/{rel}","templated":true}]}}