{"id":591,"date":"2016-03-07T01:50:55","date_gmt":"2016-03-06T22:50:55","guid":{"rendered":"https:\/\/www.gavias-theme.com\/wp\/inusti\/?page_id=591"},"modified":"2022-06-13T12:12:21","modified_gmt":"2022-06-13T09:12:21","slug":"best-sellers","status":"publish","type":"page","link":"https:\/\/atlfactory.com\/en\/best-sellers\/","title":{"rendered":"Best Sellers"},"content":{"rendered":"<div class=\"woocommerce columns-4\"><div class=\"clearfix\"><\/div>\r\n<div class=\"products_wrapper grid-view\">\r\n\t<div class=\"products lg-block-grid-3 md-block-grid-3 sm-block-grid-2 xs-block-grid-1\">\r\n<div class=\"product-block product post-14107 product type-product status-publish has-post-thumbnail product_cat-masa-tenisi-aksesuarlari first instock shipping-taxable product-type-simple\">\r\n\t<div class=\"product-block-inner clearfix\">\r\n\t\t\r\n\t\t<div class=\"product-thumbnail\">\r\n\t\t \t<div class=\"product-thumbnail-inner\">\r\n          <div class=\"swap-thumbnail\"><a href=\"https:\/\/atlfactory.com\/en\/product\/masa-tenisi\/\"><img fetchpriority=\"high\" decoding=\"async\" width=\"300\" height=\"300\" src=\"https:\/\/atlfactory.com\/wp-content\/uploads\/2022\/07\/TT-Table-Centerfold-25-blue-300x300.jpg\" class=\"image-second\" alt=\"\" srcset=\"https:\/\/atlfactory.com\/wp-content\/uploads\/2022\/07\/TT-Table-Centerfold-25-blue-300x300.jpg 300w, https:\/\/atlfactory.com\/wp-content\/uploads\/2022\/07\/TT-Table-Centerfold-25-blue-180x180.jpg 180w, https:\/\/atlfactory.com\/wp-content\/uploads\/2022\/07\/TT-Table-Centerfold-25-blue-600x600.jpg 600w\" sizes=\"(max-width: 300px) 100vw, 300px\" \/><span class=\"attachment-shop_catalog\"><img decoding=\"async\" width=\"300\" height=\"300\" src=\"https:\/\/atlfactory.com\/wp-content\/uploads\/2022\/07\/TT-Table-Centerfold-25-green-300x300.jpg\" class=\"wp-post-image\" alt=\"\" srcset=\"https:\/\/atlfactory.com\/wp-content\/uploads\/2022\/07\/TT-Table-Centerfold-25-green-300x300.jpg 300w, https:\/\/atlfactory.com\/wp-content\/uploads\/2022\/07\/TT-Table-Centerfold-25-green-180x180.jpg 180w, https:\/\/atlfactory.com\/wp-content\/uploads\/2022\/07\/TT-Table-Centerfold-25-green-600x600.jpg 600w\" sizes=\"(max-width: 300px) 100vw, 300px\" \/><\/span><\/a><\/div>       <\/div>   \r\n         \r\n        <div class=\"shop-loop-actions\">\t\r\n\t\t\t\t  <div class=\"add-to-cart\">\r\n            <a href=\"https:\/\/atlfactory.com\/en\/product\/masa-tenisi\/\" data-quantity=\"1\" data-product_id=\"14107\" data-product_sku=\"\" class=\"button  product_type_simple ajax_add_to_cart\"> Read more<\/a>          <\/div> \r\n          \r\n             \r\n    \r\n          <div class=\"quickview\">\r\n            <a href=\"javascript:void(0);\" data-product_id=\"14107\" class=\"btn-quickview product_type_simple\"><span class=\"far fa-eye\"><\/span><\/a>\r\n\t\t      <\/div>\r\n        <\/div>\r\n        <a class=\"overlay\" href=\"https:\/\/atlfactory.com\/en\/product\/masa-tenisi\/\"><\/a>\r\n\t\t<\/div>\r\n\r\n            \r\n\r\n      \t\t<div class=\"product-meta\">\r\n      <div class=\"clearfix\"><\/div>\r\n\t\t\t<div class=\"shop-loop-price\">\r\n        \r\n      <\/div>\r\n      <h3 class=\"shop-loop-title\"><a href=\"https:\/\/atlfactory.com\/en\/product\/masa-tenisi\/\">Masa Tenisi<\/a><\/h3>\r\n\t\t\t\r\n\t\t\t<div class=\"shop-loop-after-title\">\t\r\n\t\t\t\t<div class=\"shop-loop-after\">\t\r\n\t\t\t\t\t\t\t\t\t<\/div>\r\n\t\t\t<\/div>\r\n\r\n\t\t<\/div>\r\n\t<\/div>\t\r\n<\/div>\r\n\r\n<div class=\"product-block product post-14125 product type-product status-publish has-post-thumbnail product_cat-masa-tenisi-aksesuarlari  instock shipping-taxable product-type-simple\">\r\n\t<div class=\"product-block-inner clearfix\">\r\n\t\t\r\n\t\t<div class=\"product-thumbnail\">\r\n\t\t \t<div class=\"product-thumbnail-inner\">\r\n          <div class=\"swap-thumbnail\"><a href=\"https:\/\/atlfactory.com\/en\/product\/masa-tenisi-aksesuarlari\/\"><img decoding=\"async\" width=\"300\" height=\"300\" src=\"https:\/\/atlfactory.com\/wp-content\/uploads\/2022\/07\/AMIGO-BALL-COLLECTOR-300x300.jpg\" class=\"image-second\" alt=\"\" srcset=\"https:\/\/atlfactory.com\/wp-content\/uploads\/2022\/07\/AMIGO-BALL-COLLECTOR-300x300.jpg 300w, https:\/\/atlfactory.com\/wp-content\/uploads\/2022\/07\/AMIGO-BALL-COLLECTOR-180x180.jpg 180w, https:\/\/atlfactory.com\/wp-content\/uploads\/2022\/07\/AMIGO-BALL-COLLECTOR-600x600.jpg 600w\" sizes=\"(max-width: 300px) 100vw, 300px\" \/><span class=\"attachment-shop_catalog\"><img loading=\"lazy\" decoding=\"async\" width=\"300\" height=\"300\" src=\"https:\/\/atlfactory.com\/wp-content\/uploads\/2022\/07\/SCORER-LEAGUE-300x300.jpg\" class=\"wp-post-image\" alt=\"\" srcset=\"https:\/\/atlfactory.com\/wp-content\/uploads\/2022\/07\/SCORER-LEAGUE-300x300.jpg 300w, https:\/\/atlfactory.com\/wp-content\/uploads\/2022\/07\/SCORER-LEAGUE-180x180.jpg 180w, https:\/\/atlfactory.com\/wp-content\/uploads\/2022\/07\/SCORER-LEAGUE-600x600.jpg 600w\" sizes=\"(max-width: 300px) 100vw, 300px\" \/><\/span><\/a><\/div>       <\/div>   \r\n         \r\n        <div class=\"shop-loop-actions\">\t\r\n\t\t\t\t  <div class=\"add-to-cart\">\r\n            <a href=\"https:\/\/atlfactory.com\/en\/product\/masa-tenisi-aksesuarlari\/\" data-quantity=\"1\" data-product_id=\"14125\" data-product_sku=\"\" class=\"button  product_type_simple ajax_add_to_cart\"> Read more<\/a>          <\/div> \r\n          \r\n             \r\n    \r\n          <div class=\"quickview\">\r\n            <a href=\"javascript:void(0);\" data-product_id=\"14125\" class=\"btn-quickview product_type_simple\"><span class=\"far fa-eye\"><\/span><\/a>\r\n\t\t      <\/div>\r\n        <\/div>\r\n        <a class=\"overlay\" href=\"https:\/\/atlfactory.com\/en\/product\/masa-tenisi-aksesuarlari\/\"><\/a>\r\n\t\t<\/div>\r\n\r\n            \r\n\r\n      \t\t<div class=\"product-meta\">\r\n      <div class=\"clearfix\"><\/div>\r\n\t\t\t<div class=\"shop-loop-price\">\r\n        \r\n      <\/div>\r\n      <h3 class=\"shop-loop-title\"><a href=\"https:\/\/atlfactory.com\/en\/product\/masa-tenisi-aksesuarlari\/\">Masa Tenisi Aksesuarlar\u0131<\/a><\/h3>\r\n\t\t\t\r\n\t\t\t<div class=\"shop-loop-after-title\">\t\r\n\t\t\t\t<div class=\"shop-loop-after\">\t\r\n\t\t\t\t\t\t\t\t\t<\/div>\r\n\t\t\t<\/div>\r\n\r\n\t\t<\/div>\r\n\t<\/div>\t\r\n<\/div>\r\n\r\n<div class=\"product-block product post-14142 product type-product status-publish has-post-thumbnail product_cat-masa-tenisi-aksesuarlari  instock shipping-taxable product-type-simple\">\r\n\t<div class=\"product-block-inner clearfix\">\r\n\t\t\r\n\t\t<div class=\"product-thumbnail\">\r\n\t\t \t<div class=\"product-thumbnail-inner\">\r\n          <div class=\"swap-thumbnail\"><a href=\"https:\/\/atlfactory.com\/en\/product\/masa-tenisi-raketi\/\"><img loading=\"lazy\" decoding=\"async\" width=\"300\" height=\"300\" src=\"https:\/\/atlfactory.com\/wp-content\/uploads\/2022\/07\/Blades-BalsaCarbo-X5-22-300x300.jpg\" class=\"image-second\" alt=\"\" srcset=\"https:\/\/atlfactory.com\/wp-content\/uploads\/2022\/07\/Blades-BalsaCarbo-X5-22-300x300.jpg 300w, https:\/\/atlfactory.com\/wp-content\/uploads\/2022\/07\/Blades-BalsaCarbo-X5-22-180x180.jpg 180w, https:\/\/atlfactory.com\/wp-content\/uploads\/2022\/07\/Blades-BalsaCarbo-X5-22-600x600.jpg 600w\" sizes=\"(max-width: 300px) 100vw, 300px\" \/><span class=\"attachment-shop_catalog\"><img loading=\"lazy\" decoding=\"async\" width=\"300\" height=\"300\" src=\"https:\/\/atlfactory.com\/wp-content\/uploads\/2022\/07\/Blades-PETR-KORBEL-300x300.jpg\" class=\"wp-post-image\" alt=\"\" srcset=\"https:\/\/atlfactory.com\/wp-content\/uploads\/2022\/07\/Blades-PETR-KORBEL-300x300.jpg 300w, https:\/\/atlfactory.com\/wp-content\/uploads\/2022\/07\/Blades-PETR-KORBEL-180x180.jpg 180w, https:\/\/atlfactory.com\/wp-content\/uploads\/2022\/07\/Blades-PETR-KORBEL-600x600.jpg 600w\" sizes=\"(max-width: 300px) 100vw, 300px\" \/><\/span><\/a><\/div>       <\/div>   \r\n         \r\n        <div class=\"shop-loop-actions\">\t\r\n\t\t\t\t  <div class=\"add-to-cart\">\r\n            <a href=\"https:\/\/atlfactory.com\/en\/product\/masa-tenisi-raketi\/\" data-quantity=\"1\" data-product_id=\"14142\" data-product_sku=\"\" class=\"button  product_type_simple ajax_add_to_cart\"> Read more<\/a>          <\/div> \r\n          \r\n             \r\n    \r\n          <div class=\"quickview\">\r\n            <a href=\"javascript:void(0);\" data-product_id=\"14142\" class=\"btn-quickview product_type_simple\"><span class=\"far fa-eye\"><\/span><\/a>\r\n\t\t      <\/div>\r\n        <\/div>\r\n        <a class=\"overlay\" href=\"https:\/\/atlfactory.com\/en\/product\/masa-tenisi-raketi\/\"><\/a>\r\n\t\t<\/div>\r\n\r\n            \r\n\r\n      \t\t<div class=\"product-meta\">\r\n      <div class=\"clearfix\"><\/div>\r\n\t\t\t<div class=\"shop-loop-price\">\r\n        \r\n      <\/div>\r\n      <h3 class=\"shop-loop-title\"><a href=\"https:\/\/atlfactory.com\/en\/product\/masa-tenisi-raketi\/\">Masa Tenisi Raketi<\/a><\/h3>\r\n\t\t\t\r\n\t\t\t<div class=\"shop-loop-after-title\">\t\r\n\t\t\t\t<div class=\"shop-loop-after\">\t\r\n\t\t\t\t\t\t\t\t\t<\/div>\r\n\t\t\t<\/div>\r\n\r\n\t\t<\/div>\r\n\t<\/div>\t\r\n<\/div>\r\n\r\n<div class=\"product-block product post-14148 product type-product status-publish has-post-thumbnail product_cat-masa-tenisi-aksesuarlari last instock shipping-taxable product-type-simple\">\r\n\t<div class=\"product-block-inner clearfix\">\r\n\t\t\r\n\t\t<div class=\"product-thumbnail\">\r\n\t\t \t<div class=\"product-thumbnail-inner\">\r\n          <div class=\"swap-thumbnail\"><a href=\"https:\/\/atlfactory.com\/en\/product\/masa-tenisi-kaucuk\/\"><img loading=\"lazy\" decoding=\"async\" width=\"300\" height=\"300\" src=\"https:\/\/atlfactory.com\/wp-content\/uploads\/2022\/07\/Rubber-Tackiness-Chop-300x300.jpg\" class=\"image-second\" alt=\"\" srcset=\"https:\/\/atlfactory.com\/wp-content\/uploads\/2022\/07\/Rubber-Tackiness-Chop-300x300.jpg 300w, https:\/\/atlfactory.com\/wp-content\/uploads\/2022\/07\/Rubber-Tackiness-Chop-180x180.jpg 180w, https:\/\/atlfactory.com\/wp-content\/uploads\/2022\/07\/Rubber-Tackiness-Chop-600x600.jpg 600w\" sizes=\"(max-width: 300px) 100vw, 300px\" \/><span class=\"attachment-shop_catalog\"><img loading=\"lazy\" decoding=\"async\" width=\"300\" height=\"300\" src=\"https:\/\/atlfactory.com\/wp-content\/uploads\/2022\/07\/Rubber-Tackiness-Chop-II-300x300.jpg\" class=\"wp-post-image\" alt=\"\" srcset=\"https:\/\/atlfactory.com\/wp-content\/uploads\/2022\/07\/Rubber-Tackiness-Chop-II-300x300.jpg 300w, https:\/\/atlfactory.com\/wp-content\/uploads\/2022\/07\/Rubber-Tackiness-Chop-II-180x180.jpg 180w, https:\/\/atlfactory.com\/wp-content\/uploads\/2022\/07\/Rubber-Tackiness-Chop-II-600x600.jpg 600w\" sizes=\"(max-width: 300px) 100vw, 300px\" \/><\/span><\/a><\/div>       <\/div>   \r\n         \r\n        <div class=\"shop-loop-actions\">\t\r\n\t\t\t\t  <div class=\"add-to-cart\">\r\n            <a href=\"https:\/\/atlfactory.com\/en\/product\/masa-tenisi-kaucuk\/\" data-quantity=\"1\" data-product_id=\"14148\" data-product_sku=\"\" class=\"button  product_type_simple ajax_add_to_cart\"> Read more<\/a>          <\/div> \r\n          \r\n             \r\n    \r\n          <div class=\"quickview\">\r\n            <a href=\"javascript:void(0);\" data-product_id=\"14148\" class=\"btn-quickview product_type_simple\"><span class=\"far fa-eye\"><\/span><\/a>\r\n\t\t      <\/div>\r\n        <\/div>\r\n        <a class=\"overlay\" href=\"https:\/\/atlfactory.com\/en\/product\/masa-tenisi-kaucuk\/\"><\/a>\r\n\t\t<\/div>\r\n\r\n            \r\n\r\n      \t\t<div class=\"product-meta\">\r\n      <div class=\"clearfix\"><\/div>\r\n\t\t\t<div class=\"shop-loop-price\">\r\n        \r\n      <\/div>\r\n      <h3 class=\"shop-loop-title\"><a href=\"https:\/\/atlfactory.com\/en\/product\/masa-tenisi-kaucuk\/\">Masa Tenisi Kau\u00e7uk<\/a><\/h3>\r\n\t\t\t\r\n\t\t\t<div class=\"shop-loop-after-title\">\t\r\n\t\t\t\t<div class=\"shop-loop-after\">\t\r\n\t\t\t\t\t\t\t\t\t<\/div>\r\n\t\t\t<\/div>\r\n\r\n\t\t<\/div>\r\n\t<\/div>\t\r\n<\/div>\r\n\r\n<div class=\"product-block product post-14314 product type-product status-publish has-post-thumbnail product_cat-genel first instock shipping-taxable product-type-simple\">\r\n\t<div class=\"product-block-inner clearfix\">\r\n\t\t\r\n\t\t<div class=\"product-thumbnail\">\r\n\t\t \t<div class=\"product-thumbnail-inner\">\r\n          <div class=\"swap-thumbnail\"><a href=\"https:\/\/atlfactory.com\/en\/product\/kaucuklar\/\"><img loading=\"lazy\" decoding=\"async\" width=\"700\" height=\"896\" src=\"https:\/\/atlfactory.com\/wp-content\/uploads\/2025\/01\/02-1.jpg\" class=\"image-second\" alt=\"\" srcset=\"https:\/\/atlfactory.com\/wp-content\/uploads\/2025\/01\/02-1.jpg 700w, https:\/\/atlfactory.com\/wp-content\/uploads\/2025\/01\/02-1-9x12.jpg 9w, https:\/\/atlfactory.com\/wp-content\/uploads\/2025\/01\/02-1-600x768.jpg 600w\" sizes=\"(max-width: 700px) 100vw, 700px\" \/><span class=\"attachment-shop_catalog\"><img loading=\"lazy\" decoding=\"async\" width=\"700\" height=\"896\" src=\"https:\/\/atlfactory.com\/wp-content\/uploads\/2025\/01\/Rubbers-1.jpg\" class=\"wp-post-image\" alt=\"\" srcset=\"https:\/\/atlfactory.com\/wp-content\/uploads\/2025\/01\/Rubbers-1.jpg 700w, https:\/\/atlfactory.com\/wp-content\/uploads\/2025\/01\/Rubbers-1-9x12.jpg 9w, https:\/\/atlfactory.com\/wp-content\/uploads\/2025\/01\/Rubbers-1-600x768.jpg 600w\" sizes=\"(max-width: 700px) 100vw, 700px\" \/><\/span><\/a><\/div>       <\/div>   \r\n         \r\n        <div class=\"shop-loop-actions\">\t\r\n\t\t\t\t  <div class=\"add-to-cart\">\r\n            <a href=\"https:\/\/atlfactory.com\/en\/product\/kaucuklar\/\" data-quantity=\"1\" data-product_id=\"14314\" data-product_sku=\"\" class=\"button  product_type_simple ajax_add_to_cart\"> Read more<\/a>          <\/div> \r\n          \r\n             \r\n    \r\n          <div class=\"quickview\">\r\n            <a href=\"javascript:void(0);\" data-product_id=\"14314\" class=\"btn-quickview product_type_simple\"><span class=\"far fa-eye\"><\/span><\/a>\r\n\t\t      <\/div>\r\n        <\/div>\r\n        <a class=\"overlay\" href=\"https:\/\/atlfactory.com\/en\/product\/kaucuklar\/\"><\/a>\r\n\t\t<\/div>\r\n\r\n            \r\n\r\n      \t\t<div class=\"product-meta\">\r\n      <div class=\"clearfix\"><\/div>\r\n\t\t\t<div class=\"shop-loop-price\">\r\n        \r\n      <\/div>\r\n      <h3 class=\"shop-loop-title\"><a href=\"https:\/\/atlfactory.com\/en\/product\/kaucuklar\/\">Kau\u00e7uklar<\/a><\/h3>\r\n\t\t\t\r\n\t\t\t<div class=\"shop-loop-after-title\">\t\r\n\t\t\t\t<div class=\"shop-loop-after\">\t\r\n\t\t\t\t\t\t\t\t\t<\/div>\r\n\t\t\t<\/div>\r\n\r\n\t\t<\/div>\r\n\t<\/div>\t\r\n<\/div>\r\n\r\n<div class=\"product-block product post-14315 product type-product status-publish has-post-thumbnail product_cat-genel  instock shipping-taxable product-type-simple\">\r\n\t<div class=\"product-block-inner clearfix\">\r\n\t\t\r\n\t\t<div class=\"product-thumbnail\">\r\n\t\t \t<div class=\"product-thumbnail-inner\">\r\n          <span class=\"attachment-shop_catalog\"><img loading=\"lazy\" decoding=\"async\" width=\"700\" height=\"896\" src=\"https:\/\/atlfactory.com\/wp-content\/uploads\/2025\/01\/B01.jpg\" class=\"wp-post-image\" alt=\"\" srcset=\"https:\/\/atlfactory.com\/wp-content\/uploads\/2025\/01\/B01.jpg 700w, https:\/\/atlfactory.com\/wp-content\/uploads\/2025\/01\/B01-600x768.jpg 600w, https:\/\/atlfactory.com\/wp-content\/uploads\/2025\/01\/B01-9x12.jpg 9w\" sizes=\"(max-width: 700px) 100vw, 700px\" \/><\/span>       <\/div>   \r\n         \r\n        <div class=\"shop-loop-actions\">\t\r\n\t\t\t\t  <div class=\"add-to-cart\">\r\n            <a href=\"https:\/\/atlfactory.com\/en\/product\/boyalar-vernikler-icin-katki-maddeleri\/\" data-quantity=\"1\" data-product_id=\"14315\" data-product_sku=\"\" class=\"button  product_type_simple ajax_add_to_cart\"> Read more<\/a>          <\/div> \r\n          \r\n             \r\n    \r\n          <div class=\"quickview\">\r\n            <a href=\"javascript:void(0);\" data-product_id=\"14315\" class=\"btn-quickview product_type_simple\"><span class=\"far fa-eye\"><\/span><\/a>\r\n\t\t      <\/div>\r\n        <\/div>\r\n        <a class=\"overlay\" href=\"https:\/\/atlfactory.com\/en\/product\/boyalar-vernikler-icin-katki-maddeleri\/\"><\/a>\r\n\t\t<\/div>\r\n\r\n            \r\n\r\n      \t\t<div class=\"product-meta\">\r\n      <div class=\"clearfix\"><\/div>\r\n\t\t\t<div class=\"shop-loop-price\">\r\n        \r\n      <\/div>\r\n      <h3 class=\"shop-loop-title\"><a href=\"https:\/\/atlfactory.com\/en\/product\/boyalar-vernikler-icin-katki-maddeleri\/\">Boyalar \/ vernikler i\u00e7in katk\u0131 maddeleri<\/a><\/h3>\r\n\t\t\t\r\n\t\t\t<div class=\"shop-loop-after-title\">\t\r\n\t\t\t\t<div class=\"shop-loop-after\">\t\r\n\t\t\t\t\t\t\t\t\t<\/div>\r\n\t\t\t<\/div>\r\n\r\n\t\t<\/div>\r\n\t<\/div>\t\r\n<\/div>\r\n\r\n<div class=\"product-block product post-14321 product type-product status-publish has-post-thumbnail product_cat-genel  instock shipping-taxable product-type-simple\">\r\n\t<div class=\"product-block-inner clearfix\">\r\n\t\t\r\n\t\t<div class=\"product-thumbnail\">\r\n\t\t \t<div class=\"product-thumbnail-inner\">\r\n          <span class=\"attachment-shop_catalog\"><img loading=\"lazy\" decoding=\"async\" width=\"700\" height=\"896\" src=\"https:\/\/atlfactory.com\/wp-content\/uploads\/2025\/01\/MDEA.jpg\" class=\"wp-post-image\" alt=\"\" srcset=\"https:\/\/atlfactory.com\/wp-content\/uploads\/2025\/01\/MDEA.jpg 700w, https:\/\/atlfactory.com\/wp-content\/uploads\/2025\/01\/MDEA-9x12.jpg 9w, https:\/\/atlfactory.com\/wp-content\/uploads\/2025\/01\/MDEA-600x768.jpg 600w\" sizes=\"(max-width: 700px) 100vw, 700px\" \/><\/span>       <\/div>   \r\n         \r\n        <div class=\"shop-loop-actions\">\t\r\n\t\t\t\t  <div class=\"add-to-cart\">\r\n            <a href=\"https:\/\/atlfactory.com\/en\/product\/mdea\/\" data-quantity=\"1\" data-product_id=\"14321\" data-product_sku=\"\" class=\"button  product_type_simple ajax_add_to_cart\"> Read more<\/a>          <\/div> \r\n          \r\n             \r\n    \r\n          <div class=\"quickview\">\r\n            <a href=\"javascript:void(0);\" data-product_id=\"14321\" class=\"btn-quickview product_type_simple\"><span class=\"far fa-eye\"><\/span><\/a>\r\n\t\t      <\/div>\r\n        <\/div>\r\n        <a class=\"overlay\" href=\"https:\/\/atlfactory.com\/en\/product\/mdea\/\"><\/a>\r\n\t\t<\/div>\r\n\r\n            \r\n\r\n      \t\t<div class=\"product-meta\">\r\n      <div class=\"clearfix\"><\/div>\r\n\t\t\t<div class=\"shop-loop-price\">\r\n        \r\n      <\/div>\r\n      <h3 class=\"shop-loop-title\"><a href=\"https:\/\/atlfactory.com\/en\/product\/mdea\/\">MDEA<\/a><\/h3>\r\n\t\t\t\r\n\t\t\t<div class=\"shop-loop-after-title\">\t\r\n\t\t\t\t<div class=\"shop-loop-after\">\t\r\n\t\t\t\t\t\t\t\t\t<\/div>\r\n\t\t\t<\/div>\r\n\r\n\t\t<\/div>\r\n\t<\/div>\t\r\n<\/div>\r\n\r\n<div class=\"product-block product post-14326 product type-product status-publish has-post-thumbnail product_cat-genel last instock shipping-taxable product-type-simple\">\r\n\t<div class=\"product-block-inner clearfix\">\r\n\t\t\r\n\t\t<div class=\"product-thumbnail\">\r\n\t\t \t<div class=\"product-thumbnail-inner\">\r\n          <span class=\"attachment-shop_catalog\"><img loading=\"lazy\" decoding=\"async\" width=\"700\" height=\"896\" src=\"https:\/\/atlfactory.com\/wp-content\/uploads\/2025\/01\/Granular-Sulphur.jpg\" class=\"wp-post-image\" alt=\"\" srcset=\"https:\/\/atlfactory.com\/wp-content\/uploads\/2025\/01\/Granular-Sulphur.jpg 700w, https:\/\/atlfactory.com\/wp-content\/uploads\/2025\/01\/Granular-Sulphur-9x12.jpg 9w, https:\/\/atlfactory.com\/wp-content\/uploads\/2025\/01\/Granular-Sulphur-600x768.jpg 600w\" sizes=\"(max-width: 700px) 100vw, 700px\" \/><\/span>       <\/div>   \r\n         \r\n        <div class=\"shop-loop-actions\">\t\r\n\t\t\t\t  <div class=\"add-to-cart\">\r\n            <a href=\"https:\/\/atlfactory.com\/en\/product\/granul-kukurt\/\" data-quantity=\"1\" data-product_id=\"14326\" data-product_sku=\"\" class=\"button  product_type_simple ajax_add_to_cart\"> Read more<\/a>          <\/div> \r\n          \r\n             \r\n    \r\n          <div class=\"quickview\">\r\n            <a href=\"javascript:void(0);\" data-product_id=\"14326\" class=\"btn-quickview product_type_simple\"><span class=\"far fa-eye\"><\/span><\/a>\r\n\t\t      <\/div>\r\n        <\/div>\r\n        <a class=\"overlay\" href=\"https:\/\/atlfactory.com\/en\/product\/granul-kukurt\/\"><\/a>\r\n\t\t<\/div>\r\n\r\n            \r\n\r\n      \t\t<div class=\"product-meta\">\r\n      <div class=\"clearfix\"><\/div>\r\n\t\t\t<div class=\"shop-loop-price\">\r\n        \r\n      <\/div>\r\n      <h3 class=\"shop-loop-title\"><a href=\"https:\/\/atlfactory.com\/en\/product\/granul-kukurt\/\">Gran\u00fcl K\u00fck\u00fcrt<\/a><\/h3>\r\n\t\t\t\r\n\t\t\t<div class=\"shop-loop-after-title\">\t\r\n\t\t\t\t<div class=\"shop-loop-after\">\t\r\n\t\t\t\t\t\t\t\t\t<\/div>\r\n\t\t\t<\/div>\r\n\r\n\t\t<\/div>\r\n\t<\/div>\t\r\n<\/div>\r\n\t<\/div>\r\n<\/div><\/div>","protected":false},"excerpt":{"rendered":"","protected":false},"author":2,"featured_media":0,"parent":0,"menu_order":0,"comment_status":"closed","ping_status":"closed","template":"","meta":{"footnotes":""},"class_list":["post-591","page","type-page","status-publish","hentry"],"aioseo_notices":[],"_links":{"self":[{"href":"https:\/\/atlfactory.com\/en\/wp-json\/wp\/v2\/pages\/591","targetHints":{"allow":["GET"]}}],"collection":[{"href":"https:\/\/atlfactory.com\/en\/wp-json\/wp\/v2\/pages"}],"about":[{"href":"https:\/\/atlfactory.com\/en\/wp-json\/wp\/v2\/types\/page"}],"author":[{"embeddable":true,"href":"https:\/\/atlfactory.com\/en\/wp-json\/wp\/v2\/users\/2"}],"replies":[{"embeddable":true,"href":"https:\/\/atlfactory.com\/en\/wp-json\/wp\/v2\/comments?post=591"}],"version-history":[{"count":1,"href":"https:\/\/atlfactory.com\/en\/wp-json\/wp\/v2\/pages\/591\/revisions"}],"predecessor-version":[{"id":13200,"href":"https:\/\/atlfactory.com\/en\/wp-json\/wp\/v2\/pages\/591\/revisions\/13200"}],"wp:attachment":[{"href":"https:\/\/atlfactory.com\/en\/wp-json\/wp\/v2\/media?parent=591"}],"curies":[{"name":"wp","href":"https:\/\/api.w.org\/{rel}","templated":true}]}}