{"id":612,"date":"2016-03-07T03:11:04","date_gmt":"2016-03-07T00:11:04","guid":{"rendered":"https:\/\/www.gavias-theme.com\/wp\/inusti\/?page_id=612"},"modified":"2023-05-22T17:28:56","modified_gmt":"2023-05-22T14:28:56","slug":"hakkimizda","status":"publish","type":"page","link":"https:\/\/atlfactory.com\/en\/hakkimizda\/","title":{"rendered":"About Us"},"content":{"rendered":"<div data-elementor-type=\"wp-post\" data-elementor-id=\"612\" class=\"elementor elementor-612\">\n\t\t\t\t\t\t<section class=\"elementor-section elementor-top-section elementor-element elementor-element-38471f2 elementor-section-content-space-evenly elementor-section-boxed elementor-section-height-default elementor-section-height-default\" data-id=\"38471f2\" data-element_type=\"section\" data-e-type=\"section\">\n\t\t\t\t\t\t<div class=\"elementor-container elementor-column-gap-default\">\n\t\t\t\t\t<div class=\"elementor-column elementor-col-33 elementor-top-column elementor-element elementor-element-113c790 elementor-hidden-mobile top column-style-top\" data-id=\"113c790\" data-element_type=\"column\" data-e-type=\"column\" data-settings=\"{&quot;background_background&quot;:&quot;classic&quot;}\">\n\t\t\t<div class=\"elementor-widget-wrap\">\n\t\t\t\t\t\t\t<\/div>\n\t\t<\/div>\n\t\t\t\t<div class=\"elementor-column elementor-col-66 elementor-top-column elementor-element elementor-element-1d47282 top column-style-top\" data-id=\"1d47282\" data-element_type=\"column\" data-e-type=\"column\" data-settings=\"{&quot;background_background&quot;:&quot;classic&quot;}\">\n\t\t\t<div class=\"elementor-widget-wrap elementor-element-populated\">\n\t\t\t\t\t\t<div class=\"elementor-element elementor-element-eca9882 elementor-widget elementor-widget-heading\" data-id=\"eca9882\" data-element_type=\"widget\" data-e-type=\"widget\" data-widget_type=\"heading.default\">\n\t\t\t\t<div class=\"elementor-widget-container\">\n\t\t\t\t\t<h1 class=\"elementor-heading-title elementor-size-default\">Bir Teknoloji \u015eirketinden Daha Fazlas\u0131y\u0131z.<\/h1>\t\t\t\t<\/div>\n\t\t\t\t<\/div>\n\t\t\t\t<div class=\"elementor-element elementor-element-40b195d elementor-widget elementor-widget-text-editor\" data-id=\"40b195d\" data-element_type=\"widget\" data-e-type=\"widget\" data-widget_type=\"text-editor.default\">\n\t\t\t\t<div class=\"elementor-widget-container\">\n\t\t\t\t\t\t\t\t\t<p>Elektrik sarf malzemeleri, T\u0131bbi cihazlar, Ameliyathane ekipmanlar\u0131, elektrik ve elektronik par\u00e7alar, bilgisayar ve cep telefonlar\u0131, televizyon ve g\u00f6r\u00fcnt\u00fc sistemleriyle, ev sinema sistemleri, foto\u011fraf makineleri, oyun konsollar\u0131 ve oyunlardan, beyaz e\u015fya ve k\u00fc\u00e7\u00fck ev aletlerine kadar bol \u00e7e\u015fit \u00fcr\u00fcn\u00fc perakendecili\u011fin say\u0131s\u0131z avantajlar\u0131n\u0131 m\u00fc\u015fterilerimize sunuyoruz.\u00a0<\/p><p>Ayr\u0131ca d\u00fcnya ta\u015f\u0131mac\u0131l\u0131k organizasyonlar\u0131n\u0131n \u00f6nemli kurulu\u015flar\u0131 arac\u0131l\u0131\u011f\u0131yla \u015firketimiz T\u00fcrkiye&#8217;den d\u00fcnyan\u0131n her noktas\u0131na ve bu noktalardan T\u00fcrkiye&#8217;ye hava, kara, deniz ta\u015f\u0131mac\u0131l\u0131\u011f\u0131 konusunda g\u00fc\u00e7l\u00fc acente a\u011f\u0131m\u0131z ve profesyonel ekibimizle y\u00fcklerinizi g\u00fcvenli ve h\u0131zl\u0131 bir \u015fekilde a\u015fa\u011f\u0131daki hizmetleri sunarak ger\u00e7ekle\u015ftirmektedir.<\/p>\t\t\t\t\t\t\t\t<\/div>\n\t\t\t\t<\/div>\n\t\t\t\t\t<\/div>\n\t\t<\/div>\n\t\t\t\t\t<\/div>\n\t\t<\/section>\n\t\t\t\t<section class=\"elementor-section elementor-top-section elementor-element elementor-element-353f66e elementor-section-boxed elementor-section-height-default elementor-section-height-default\" data-id=\"353f66e\" data-element_type=\"section\" data-e-type=\"section\">\n\t\t\t\t\t\t<div class=\"elementor-container elementor-column-gap-default\">\n\t\t\t\t\t<div class=\"elementor-column elementor-col-100 elementor-top-column elementor-element elementor-element-19c07b3 top column-style-top\" data-id=\"19c07b3\" data-element_type=\"column\" data-e-type=\"column\">\n\t\t\t<div class=\"elementor-widget-wrap elementor-element-populated\">\n\t\t\t\t\t\t<div class=\"elementor-element elementor-element-929f1b0 elementor-widget elementor-widget-heading\" data-id=\"929f1b0\" data-element_type=\"widget\" data-e-type=\"widget\" data-widget_type=\"heading.default\">\n\t\t\t\t<div class=\"elementor-widget-container\">\n\t\t\t\t\t<h5 class=\"elementor-heading-title elementor-size-default\">DE\u011eERLER\u0130M\u0130Z\u200b<\/h5>\t\t\t\t<\/div>\n\t\t\t\t<\/div>\n\t\t\t\t<div class=\"elementor-element elementor-element-a51770c elementor-widget elementor-widget-text-editor\" data-id=\"a51770c\" data-element_type=\"widget\" data-e-type=\"widget\" data-widget_type=\"text-editor.default\">\n\t\t\t\t<div class=\"elementor-widget-container\">\n\t\t\t\t\t\t\t\t\t<p>Uzun y\u0131llar \u00e7e\u015fitli kademelerde g\u00f6rev alm\u0131\u015f tecr\u00fcbeli ekibimizle, yurti\u00e7inde Antalya Merkez olmak \u00fczere Havalimanlar\u0131, Deniz Limanlar\u0131 ve Kara G\u00fcmr\u00fckler deki ofisimizle hizmet vermekteyiz.<br><\/p>\t\t\t\t\t\t\t\t<\/div>\n\t\t\t\t<\/div>\n\t\t\t\t<div class=\"elementor-element elementor-element-595dcff elementor-widget elementor-widget-heading\" data-id=\"595dcff\" data-element_type=\"widget\" data-e-type=\"widget\" data-widget_type=\"heading.default\">\n\t\t\t\t<div class=\"elementor-widget-container\">\n\t\t\t\t\t<h5 class=\"elementor-heading-title elementor-size-default\">HEDEFLER\u0130M\u0130Z<\/h5>\t\t\t\t<\/div>\n\t\t\t\t<\/div>\n\t\t\t\t<div class=\"elementor-element elementor-element-ff8ea07 elementor-widget elementor-widget-text-editor\" data-id=\"ff8ea07\" data-element_type=\"widget\" data-e-type=\"widget\" data-widget_type=\"text-editor.default\">\n\t\t\t\t<div class=\"elementor-widget-container\">\n\t\t\t\t\t\t\t\t\t<p>Kendini s\u00fcrekli yenileyen, inceleyen, ara\u015ft\u0131ran, analiz ve sentezler yapabilen, t\u00fcm \u00e7al\u0131\u015fanlar\u0131n \u00f6nce kalite ve m\u00fc\u015fteri memnuniyeti felsefesini benimsedi\u011fi, y\u00f6netici, personel ve m\u00fc\u015fterilerimizle birlikte \u00e7evrede, b\u00f6lgede ve \u00fclkemizde, model bir i\u015fletme olmakt\u0131r. <\/p>\t\t\t\t\t\t\t\t<\/div>\n\t\t\t\t<\/div>\n\t\t\t\t\t<\/div>\n\t\t<\/div>\n\t\t\t\t\t<\/div>\n\t\t<\/section>\n\t\t\t\t<section class=\"elementor-section elementor-top-section elementor-element elementor-element-e98882b elementor-section-boxed elementor-section-height-default elementor-section-height-default\" data-id=\"e98882b\" data-element_type=\"section\" data-e-type=\"section\" data-settings=\"{&quot;background_background&quot;:&quot;classic&quot;}\">\n\t\t\t\t\t\t<div class=\"elementor-container elementor-column-gap-default\">\n\t\t\t\t\t<div class=\"elementor-column elementor-col-100 elementor-top-column elementor-element elementor-element-45bb2d9 top column-style-top\" data-id=\"45bb2d9\" data-element_type=\"column\" data-e-type=\"column\">\n\t\t\t<div class=\"elementor-widget-wrap elementor-element-populated\">\n\t\t\t\t\t\t<div class=\"elementor-element elementor-element-158ff57 elementor-widget elementor-widget-gva-call-to-action\" data-id=\"158ff57\" data-element_type=\"widget\" data-e-type=\"widget\" data-widget_type=\"gva-call-to-action.default\">\n\t\t\t\t<div class=\"elementor-widget-container\">\n\t\t\t\t\t<div class=\"gva-element-gva-call-to-action gva-element\">\r\n   <div class=\"button-center widget gsc-call-to-action\">\r\n      <div class=\"content-inner clearfix\" >\r\n         <div class=\"cta-content\">\r\n                           <h2 class=\"title\">\r\n                  <span>Memnuniyetiniz bizim i\u00e7in b\u00fcy\u00fck bir onurdur.<\/span>\r\n               <\/h2>\r\n                                             <\/div>\r\n               <\/div>\r\n   <\/div>\r\n<\/div>\t\t\t\t<\/div>\n\t\t\t\t<\/div>\n\t\t\t\t\t<\/div>\n\t\t<\/div>\n\t\t\t\t\t<\/div>\n\t\t<\/section>\n\t\t\t\t<\/div>","protected":false},"excerpt":{"rendered":"<p>Bir Teknoloji \u015eirketinden Daha Fazlas\u0131y\u0131z. Elektrik sarf malzemeleri, T\u0131bbi cihazlar, Ameliyathane ekipmanlar\u0131, elektrik ve elektronik par\u00e7alar, bilgisayar ve cep telefonlar\u0131, televizyon ve g\u00f6r\u00fcnt\u00fc sistemleriyle, ev sinema sistemleri, foto\u011fraf makineleri, oyun [&hellip;]<\/p>\n","protected":false},"author":2,"featured_media":0,"parent":0,"menu_order":0,"comment_status":"closed","ping_status":"closed","template":"","meta":{"footnotes":""},"class_list":["post-612","page","type-page","status-publish","hentry"],"aioseo_notices":[],"_links":{"self":[{"href":"https:\/\/atlfactory.com\/en\/wp-json\/wp\/v2\/pages\/612","targetHints":{"allow":["GET"]}}],"collection":[{"href":"https:\/\/atlfactory.com\/en\/wp-json\/wp\/v2\/pages"}],"about":[{"href":"https:\/\/atlfactory.com\/en\/wp-json\/wp\/v2\/types\/page"}],"author":[{"embeddable":true,"href":"https:\/\/atlfactory.com\/en\/wp-json\/wp\/v2\/users\/2"}],"replies":[{"embeddable":true,"href":"https:\/\/atlfactory.com\/en\/wp-json\/wp\/v2\/comments?post=612"}],"version-history":[{"count":299,"href":"https:\/\/atlfactory.com\/en\/wp-json\/wp\/v2\/pages\/612\/revisions"}],"predecessor-version":[{"id":14275,"href":"https:\/\/atlfactory.com\/en\/wp-json\/wp\/v2\/pages\/612\/revisions\/14275"}],"wp:attachment":[{"href":"https:\/\/atlfactory.com\/en\/wp-json\/wp\/v2\/media?parent=612"}],"curies":[{"name":"wp","href":"https:\/\/api.w.org\/{rel}","templated":true}]}}