{"id":7968,"date":"2020-04-11T08:36:29","date_gmt":"2020-04-11T05:36:29","guid":{"rendered":"https:\/\/www.gavias-theme.com\/wp\/inusti\/?page_id=7968"},"modified":"2022-06-15T07:55:57","modified_gmt":"2022-06-15T04:55:57","slug":"haberler","status":"publish","type":"page","link":"https:\/\/atlfactory.com\/en\/haberler\/","title":{"rendered":"News"},"content":{"rendered":"<div data-elementor-type=\"wp-page\" data-elementor-id=\"7968\" class=\"elementor elementor-7968\">\n\t\t\t\t\t\t<section class=\"elementor-section elementor-top-section elementor-element elementor-element-adc65de elementor-section-boxed elementor-section-height-default elementor-section-height-default\" data-id=\"adc65de\" data-element_type=\"section\" data-e-type=\"section\">\n\t\t\t\t\t\t<div class=\"elementor-container elementor-column-gap-default\">\n\t\t\t\t\t<div class=\"elementor-column elementor-col-100 elementor-top-column elementor-element elementor-element-474e27b top column-style-top\" data-id=\"474e27b\" data-element_type=\"column\" data-e-type=\"column\">\n\t\t\t<div class=\"elementor-widget-wrap elementor-element-populated\">\n\t\t\t\t\t\t<div class=\"elementor-element elementor-element-a83bab2 elementor-widget elementor-widget-gva-posts\" data-id=\"a83bab2\" data-element_type=\"widget\" data-e-type=\"widget\" data-widget_type=\"gva-posts.default\">\n\t\t\t\t<div class=\"elementor-widget-container\">\n\t\t\t\t\t<div class=\"gva-element-gva-posts gva-element\">  \r\n  <div class=\"gva-posts-grid clearfix gva-posts\">\r\n      <div class=\"gva-content-items\"> \r\n        <div class=\"lg-block-grid-3 md-block-grid-3 sm-block-grid-2 xs-block-grid-2 xx-block-grid-1\">\r\n          \r\n<div class=\"all genel  item-columns\">\r\n   <article id=\"post-14279\" class=\"post-14279 post type-post status-publish format-standard has-post-thumbnail hentry category-genel\">\r\n      <div class=\"post-block post-style-1\">\r\n         <div class=\"post-thumbnail\">\r\n            <a href=\"https:\/\/atlfactory.com\/en\/kamuoyuna-duyurulur\/\">\r\n               <img fetchpriority=\"high\" decoding=\"async\" width=\"600\" height=\"455\" src=\"https:\/\/atlfactory.com\/wp-content\/uploads\/2023\/06\/hack1-600x455.jpg\" class=\"attachment-post-thumbnail size-post-thumbnail wp-post-image\" alt=\"Kamuoyuna Duyurulur.\" \/>            <\/a>   \r\n                           <div class=\"entry-date\">7 June 2023<\/div>\r\n                     <\/div>   \r\n\r\n         <div class=\"entry-content\">\r\n            <div class=\"content-inner\">\r\n               <div class=\"entry-meta\">\r\n                  <div class=\"meta-inline\"><span class=\"author vcard\"><i class=\"far fa-user-circle\"><\/i>by&nbsp;atlfactory<\/span><\/div>                  \r\n               <\/div> \r\n               <h2 class=\"entry-title\"><a href=\"https:\/\/atlfactory.com\/en\/kamuoyuna-duyurulur\/\" rel=\"bookmark\">Kamuoyuna Duyurulur.<\/a><\/h2>\r\n               <div class=\"read-more\">\r\n                  <a class=\"btn-inline\" href=\"https:\/\/atlfactory.com\/en\/kamuoyuna-duyurulur\/\">Read more<\/a>\r\n               <\/div>\r\n            <\/div>\r\n         <\/div>\r\n      <\/div>   \r\n   <\/article>   \r\n<\/div>\r\n\r\n  \r\n<div class=\"all teknoloji  item-columns\">\r\n   <article id=\"post-12922\" class=\"post-12922 post type-post status-publish format-standard has-post-thumbnail hentry category-teknoloji tag-construction\">\r\n      <div class=\"post-block post-style-1\">\r\n         <div class=\"post-thumbnail\">\r\n            <a href=\"https:\/\/atlfactory.com\/en\/pedal-cevirerek-telefon-sarji-donemi\/\">\r\n               <img decoding=\"async\" width=\"600\" height=\"455\" src=\"https:\/\/atlfactory.com\/wp-content\/uploads\/2021\/01\/B3j09awe-kaPoYLiq6DuLQ1-600x455.jpg\" class=\"attachment-post-thumbnail size-post-thumbnail wp-post-image\" alt=\"Pedal \u00e7evirerek telefon \u015farj\u0131 d\u00f6nemi\" \/>            <\/a>   \r\n                           <div class=\"entry-date\">15 June 2022<\/div>\r\n                     <\/div>   \r\n\r\n         <div class=\"entry-content\">\r\n            <div class=\"content-inner\">\r\n               <div class=\"entry-meta\">\r\n                  <div class=\"meta-inline\"><span class=\"author vcard\"><i class=\"far fa-user-circle\"><\/i>by&nbsp;atlfactory<\/span><\/div>                  \r\n               <\/div> \r\n               <h2 class=\"entry-title\"><a href=\"https:\/\/atlfactory.com\/en\/pedal-cevirerek-telefon-sarji-donemi\/\" rel=\"bookmark\">Pedal \u00e7evirerek telefon \u015farj\u0131 d\u00f6nemi<\/a><\/h2>\r\n               <div class=\"read-more\">\r\n                  <a class=\"btn-inline\" href=\"https:\/\/atlfactory.com\/en\/pedal-cevirerek-telefon-sarji-donemi\/\">Read more<\/a>\r\n               <\/div>\r\n            <\/div>\r\n         <\/div>\r\n      <\/div>   \r\n   <\/article>   \r\n<\/div>\r\n\r\n  \r\n<div class=\"all genel  item-columns\">\r\n   <article id=\"post-257\" class=\"post-257 post type-post status-publish format-standard has-post-thumbnail hentry category-genel\">\r\n      <div class=\"post-block post-style-1\">\r\n         <div class=\"post-thumbnail\">\r\n            <a href=\"https:\/\/atlfactory.com\/en\/kargo-odakli-elektrikli-bisiklet\/\">\r\n               <img decoding=\"async\" width=\"600\" height=\"455\" src=\"https:\/\/atlfactory.com\/wp-content\/uploads\/2021\/01\/bisiklet-600x455.png\" class=\"attachment-post-thumbnail size-post-thumbnail wp-post-image\" alt=\"Kargo odakl\u0131 elektrikli bisiklet\" \/>            <\/a>   \r\n                           <div class=\"entry-date\">14 June 2022<\/div>\r\n                     <\/div>   \r\n\r\n         <div class=\"entry-content\">\r\n            <div class=\"content-inner\">\r\n               <div class=\"entry-meta\">\r\n                  <div class=\"meta-inline\"><span class=\"author vcard\"><i class=\"far fa-user-circle\"><\/i>by&nbsp;atlfactory<\/span><\/div>                  \r\n               <\/div> \r\n               <h2 class=\"entry-title\"><a href=\"https:\/\/atlfactory.com\/en\/kargo-odakli-elektrikli-bisiklet\/\" rel=\"bookmark\">Kargo odakl\u0131 elektrikli bisiklet<\/a><\/h2>\r\n               <div class=\"read-more\">\r\n                  <a class=\"btn-inline\" href=\"https:\/\/atlfactory.com\/en\/kargo-odakli-elektrikli-bisiklet\/\">Read more<\/a>\r\n               <\/div>\r\n            <\/div>\r\n         <\/div>\r\n      <\/div>   \r\n   <\/article>   \r\n<\/div>\r\n\r\n  \r\n<div class=\"all teknoloji  item-columns\">\r\n   <article id=\"post-252\" class=\"post-252 post type-post status-publish format-standard has-post-thumbnail hentry category-teknoloji\">\r\n      <div class=\"post-block post-style-1\">\r\n         <div class=\"post-thumbnail\">\r\n            <a href=\"https:\/\/atlfactory.com\/en\/965-km-menzil-getirecek-ozel-pil\/\">\r\n               <img loading=\"lazy\" decoding=\"async\" width=\"600\" height=\"455\" src=\"https:\/\/atlfactory.com\/wp-content\/uploads\/2022\/06\/bmw-ix-600x455.png\" class=\"attachment-post-thumbnail size-post-thumbnail wp-post-image\" alt=\"965 km menzil getirecek \u00f6zel pil\" \/>            <\/a>   \r\n                           <div class=\"entry-date\">3 June 2022<\/div>\r\n                     <\/div>   \r\n\r\n         <div class=\"entry-content\">\r\n            <div class=\"content-inner\">\r\n               <div class=\"entry-meta\">\r\n                  <div class=\"meta-inline\"><span class=\"author vcard\"><i class=\"far fa-user-circle\"><\/i>by&nbsp;atlfactory<\/span><\/div>                  \r\n               <\/div> \r\n               <h2 class=\"entry-title\"><a href=\"https:\/\/atlfactory.com\/en\/965-km-menzil-getirecek-ozel-pil\/\" rel=\"bookmark\">965 km menzil getirecek \u00f6zel pil<\/a><\/h2>\r\n               <div class=\"read-more\">\r\n                  <a class=\"btn-inline\" href=\"https:\/\/atlfactory.com\/en\/965-km-menzil-getirecek-ozel-pil\/\">Read more<\/a>\r\n               <\/div>\r\n            <\/div>\r\n         <\/div>\r\n      <\/div>   \r\n   <\/article>   \r\n<\/div>\r\n\r\n          <\/div>\r\n      <\/div>\r\n                <div class=\"pagination\">\r\n                        <\/div>\r\n        <\/div>\r\n  <\/div>\t\t\t\t<\/div>\n\t\t\t\t<\/div>\n\t\t\t\t\t<\/div>\n\t\t<\/div>\n\t\t\t\t\t<\/div>\n\t\t<\/section>\n\t\t\t\t<section class=\"elementor-section elementor-top-section elementor-element elementor-element-845f927 bg-row-theme elementor-section-boxed elementor-section-height-default elementor-section-height-default\" data-id=\"845f927\" data-element_type=\"section\" data-e-type=\"section\">\n\t\t\t\t\t\t<div class=\"elementor-container elementor-column-gap-default\">\n\t\t\t\t\t<div class=\"elementor-column elementor-col-100 elementor-top-column elementor-element elementor-element-44dabd5 top column-style-top\" data-id=\"44dabd5\" data-element_type=\"column\" data-e-type=\"column\">\n\t\t\t<div class=\"elementor-widget-wrap elementor-element-populated\">\n\t\t\t\t\t\t<div class=\"elementor-element elementor-element-d35e1c2 elementor-widget elementor-widget-gva-call-to-action\" data-id=\"d35e1c2\" data-element_type=\"widget\" data-e-type=\"widget\" data-widget_type=\"gva-call-to-action.default\">\n\t\t\t\t<div class=\"elementor-widget-container\">\n\t\t\t\t\t<div class=\"gva-element-gva-call-to-action gva-element\">\r\n   <div class=\"button-right widget gsc-call-to-action\">\r\n      <div class=\"content-inner clearfix\" >\r\n         <div class=\"cta-content\">\r\n                           <h2 class=\"title\">\r\n                  <span>Ekibimizle ileti\u015fime ge\u00e7in<\/span>\r\n               <\/h2>\r\n                                             <\/div>\r\n                     <div class=\"button-action\">\r\n                       <a href=\"https:\/\/wa.me\/+905306691740?text=Merhaba!\" class=\"btn-cta btn-black\">\r\n          <span>\ud83d\udcde WHATSAPP<\/span>\r\n        <\/a>\r\n\r\n                    <\/div>\r\n               <\/div>\r\n   <\/div>\r\n<\/div>\t\t\t\t<\/div>\n\t\t\t\t<\/div>\n\t\t\t\t\t<\/div>\n\t\t<\/div>\n\t\t\t\t\t<\/div>\n\t\t<\/section>\n\t\t\t\t<\/div>","protected":false},"excerpt":{"rendered":"<p>15 Haziran 2022 by&nbsp;atlfactory Pedal \u00e7evirerek telefon \u015farj\u0131 d\u00f6nemi Read more 14 Haziran 2022 by&nbsp;atlfactory Kargo odakl\u0131 elektrikli bisiklet Read more 3 Haziran 2022 by&nbsp;atlfactory 965 km menzil getirecek \u00f6zel [&hellip;]<\/p>\n","protected":false},"author":2,"featured_media":0,"parent":0,"menu_order":0,"comment_status":"closed","ping_status":"closed","template":"","meta":{"footnotes":""},"class_list":["post-7968","page","type-page","status-publish","hentry","post"],"aioseo_notices":[],"_links":{"self":[{"href":"https:\/\/atlfactory.com\/en\/wp-json\/wp\/v2\/pages\/7968","targetHints":{"allow":["GET"]}}],"collection":[{"href":"https:\/\/atlfactory.com\/en\/wp-json\/wp\/v2\/pages"}],"about":[{"href":"https:\/\/atlfactory.com\/en\/wp-json\/wp\/v2\/types\/page"}],"author":[{"embeddable":true,"href":"https:\/\/atlfactory.com\/en\/wp-json\/wp\/v2\/users\/2"}],"replies":[{"embeddable":true,"href":"https:\/\/atlfactory.com\/en\/wp-json\/wp\/v2\/comments?post=7968"}],"version-history":[{"count":11,"href":"https:\/\/atlfactory.com\/en\/wp-json\/wp\/v2\/pages\/7968\/revisions"}],"predecessor-version":[{"id":14015,"href":"https:\/\/atlfactory.com\/en\/wp-json\/wp\/v2\/pages\/7968\/revisions\/14015"}],"wp:attachment":[{"href":"https:\/\/atlfactory.com\/en\/wp-json\/wp\/v2\/media?parent=7968"}],"curies":[{"name":"wp","href":"https:\/\/api.w.org\/{rel}","templated":true}]}}