{"id":14314,"date":"2025-01-09T16:27:08","date_gmt":"2025-01-09T13:27:08","guid":{"rendered":"https:\/\/atlfactory.com\/?post_type=product&#038;p=14314"},"modified":"2025-01-13T15:01:21","modified_gmt":"2025-01-13T12:01:21","slug":"kaucuklar","status":"publish","type":"product","link":"https:\/\/atlfactory.com\/en\/product\/kaucuklar\/","title":{"rendered":"Kau\u00e7uklar"},"content":{"rendered":"","protected":false},"excerpt":{"rendered":"<p><span style=\"color: #1a1a1a;\"><span lang=\"en-GB\">Kau\u00e7uklar, baz\u0131 tropik bitkilerin (do\u011fal kau\u00e7uk) eks\u00fcdasyonlar\u0131ndan elde edilen veya petrol ve do\u011fal gazdan (sentetik kau\u00e7uk) elde edilen elastik maddedir. Esnekli\u011fi, esnekli\u011fi ve toklu\u011fu nedeniyle kau\u00e7uk, otomotiv ara\u00e7lar\u0131nda, u\u00e7aklarda ve bisikletlerde ve ayr\u0131ca farkl\u0131 t\u00fcrde kau\u00e7uk \u00fcr\u00fcnlerin \u00fcretiminde kullan\u0131lan lastiklerin temel bile\u015fenidir.<\/span><\/span><\/p>","protected":false},"featured_media":14333,"template":"","meta":[],"product_brand":[],"product_cat":[17],"product_tag":[],"class_list":{"0":"post-14314","1":"product","2":"type-product","3":"status-publish","4":"has-post-thumbnail","6":"product_cat-genel","8":"first","9":"instock","10":"shipping-taxable","11":"product-type-simple"},"aioseo_notices":[],"_links":{"self":[{"href":"https:\/\/atlfactory.com\/en\/wp-json\/wp\/v2\/product\/14314","targetHints":{"allow":["GET"]}}],"collection":[{"href":"https:\/\/atlfactory.com\/en\/wp-json\/wp\/v2\/product"}],"about":[{"href":"https:\/\/atlfactory.com\/en\/wp-json\/wp\/v2\/types\/product"}],"wp:featuredmedia":[{"embeddable":true,"href":"https:\/\/atlfactory.com\/en\/wp-json\/wp\/v2\/media\/14333"}],"wp:attachment":[{"href":"https:\/\/atlfactory.com\/en\/wp-json\/wp\/v2\/media?parent=14314"}],"wp:term":[{"taxonomy":"product_brand","embeddable":true,"href":"https:\/\/atlfactory.com\/en\/wp-json\/wp\/v2\/product_brand?post=14314"},{"taxonomy":"product_cat","embeddable":true,"href":"https:\/\/atlfactory.com\/en\/wp-json\/wp\/v2\/product_cat?post=14314"},{"taxonomy":"product_tag","embeddable":true,"href":"https:\/\/atlfactory.com\/en\/wp-json\/wp\/v2\/product_tag?post=14314"}],"curies":[{"name":"wp","href":"https:\/\/api.w.org\/{rel}","templated":true}]}}