{"id":14315,"date":"2025-01-09T17:45:58","date_gmt":"2025-01-09T14:45:58","guid":{"rendered":"https:\/\/atlfactory.com\/?post_type=product&#038;p=14315"},"modified":"2025-01-13T15:01:47","modified_gmt":"2025-01-13T12:01:47","slug":"boyalar-vernikler-icin-katki-maddeleri","status":"publish","type":"product","link":"https:\/\/atlfactory.com\/en\/product\/boyalar-vernikler-icin-katki-maddeleri\/","title":{"rendered":"Boyalar \/ vernikler i\u00e7in katk\u0131 maddeleri"},"content":{"rendered":"","protected":false},"excerpt":{"rendered":"<p><span style=\"color: #000000;\"><span lang=\"en-US\">Boya katk\u0131 maddeleri, kaplamalar\u0131n zorunlu bir unsuru olarak tan\u0131mlanabilir ve genellikle \u00fcretim s\u00fcrecini h\u0131zland\u0131rmak, depolamay\u0131 s\u00fcrd\u00fcrmek, in\u015faat ko\u015fullar\u0131n\u0131 iyile\u015ftirmek, \u00fcr\u00fcn\u00fcn kalitesini art\u0131rmak ve ola\u011fan\u00fcst\u00fc faydalar sa\u011flamak i\u00e7in kullan\u0131l\u0131r. Makul ve do\u011fru katk\u0131 maddesi se\u00e7imi, harcamalar\u0131n azalt\u0131lmas\u0131na ve ekonomik hedeflerin iyile\u015ftirilmesine yard\u0131mc\u0131 olabilir<\/span><\/span><\/p>","protected":false},"featured_media":14316,"template":"","meta":[],"product_brand":[],"product_cat":[17],"product_tag":[],"class_list":{"0":"post-14315","1":"product","2":"type-product","3":"status-publish","4":"has-post-thumbnail","6":"product_cat-genel","8":"first","9":"instock","10":"shipping-taxable","11":"product-type-simple"},"aioseo_notices":[],"_links":{"self":[{"href":"https:\/\/atlfactory.com\/en\/wp-json\/wp\/v2\/product\/14315","targetHints":{"allow":["GET"]}}],"collection":[{"href":"https:\/\/atlfactory.com\/en\/wp-json\/wp\/v2\/product"}],"about":[{"href":"https:\/\/atlfactory.com\/en\/wp-json\/wp\/v2\/types\/product"}],"wp:featuredmedia":[{"embeddable":true,"href":"https:\/\/atlfactory.com\/en\/wp-json\/wp\/v2\/media\/14316"}],"wp:attachment":[{"href":"https:\/\/atlfactory.com\/en\/wp-json\/wp\/v2\/media?parent=14315"}],"wp:term":[{"taxonomy":"product_brand","embeddable":true,"href":"https:\/\/atlfactory.com\/en\/wp-json\/wp\/v2\/product_brand?post=14315"},{"taxonomy":"product_cat","embeddable":true,"href":"https:\/\/atlfactory.com\/en\/wp-json\/wp\/v2\/product_cat?post=14315"},{"taxonomy":"product_tag","embeddable":true,"href":"https:\/\/atlfactory.com\/en\/wp-json\/wp\/v2\/product_tag?post=14315"}],"curies":[{"name":"wp","href":"https:\/\/api.w.org\/{rel}","templated":true}]}}