{"id":14321,"date":"2025-01-09T18:31:37","date_gmt":"2025-01-09T15:31:37","guid":{"rendered":"https:\/\/atlfactory.com\/?post_type=product&#038;p=14321"},"modified":"2025-01-13T15:01:59","modified_gmt":"2025-01-13T12:01:59","slug":"mdea","status":"publish","type":"product","link":"https:\/\/atlfactory.com\/en\/product\/mdea\/","title":{"rendered":"MDEA"},"content":{"rendered":"","protected":false},"excerpt":{"rendered":"<p><span lang=\"en-GB\">N-metildietanolamin ve daha yayg\u0131n olarak MDEA olarak da bilinen metildietanolamin, CH3N (C2H4OH) 2 form\u00fcl\u00fcne sahip organik bir bile\u015fiktir. Amonyak benzeri bir kokuya sahip renksiz bir s\u0131v\u0131d\u0131r. Su, etanol ve benzen ile kar\u0131\u015fabilir. \u00dc\u00e7\u00fcnc\u00fcl bir amin, kimya, petrol rafinerisi, syngas ve do\u011fal gaz end\u00fcstrilerinde tatland\u0131r\u0131c\u0131 olarak yayg\u0131n olarak kullan\u0131lmaktad\u0131r.<\/span><\/p>","protected":false},"featured_media":14322,"template":"","meta":[],"product_brand":[],"product_cat":[17],"product_tag":[],"class_list":{"0":"post-14321","1":"product","2":"type-product","3":"status-publish","4":"has-post-thumbnail","6":"product_cat-genel","8":"first","9":"instock","10":"shipping-taxable","11":"product-type-simple"},"aioseo_notices":[],"_links":{"self":[{"href":"https:\/\/atlfactory.com\/en\/wp-json\/wp\/v2\/product\/14321","targetHints":{"allow":["GET"]}}],"collection":[{"href":"https:\/\/atlfactory.com\/en\/wp-json\/wp\/v2\/product"}],"about":[{"href":"https:\/\/atlfactory.com\/en\/wp-json\/wp\/v2\/types\/product"}],"wp:featuredmedia":[{"embeddable":true,"href":"https:\/\/atlfactory.com\/en\/wp-json\/wp\/v2\/media\/14322"}],"wp:attachment":[{"href":"https:\/\/atlfactory.com\/en\/wp-json\/wp\/v2\/media?parent=14321"}],"wp:term":[{"taxonomy":"product_brand","embeddable":true,"href":"https:\/\/atlfactory.com\/en\/wp-json\/wp\/v2\/product_brand?post=14321"},{"taxonomy":"product_cat","embeddable":true,"href":"https:\/\/atlfactory.com\/en\/wp-json\/wp\/v2\/product_cat?post=14321"},{"taxonomy":"product_tag","embeddable":true,"href":"https:\/\/atlfactory.com\/en\/wp-json\/wp\/v2\/product_tag?post=14321"}],"curies":[{"name":"wp","href":"https:\/\/api.w.org\/{rel}","templated":true}]}}