{"id":14326,"date":"2025-01-09T18:40:29","date_gmt":"2025-01-09T15:40:29","guid":{"rendered":"https:\/\/atlfactory.com\/?post_type=product&#038;p=14326"},"modified":"2025-01-13T15:02:20","modified_gmt":"2025-01-13T12:02:20","slug":"granul-kukurt","status":"publish","type":"product","link":"https:\/\/atlfactory.com\/en\/product\/granul-kukurt\/","title":{"rendered":"Gran\u00fcl K\u00fck\u00fcrt"},"content":{"rendered":"","protected":false},"excerpt":{"rendered":"<p><span lang=\"en-US\">Gran\u00fcl k\u00fck\u00fcrt, k\u00fck\u00fcrt\u00fcn hammadde halidir. Rafineriden al\u0131nan k\u00fck\u00fcrtt\u00fcr. S\u00fclf\u00fcr a\u011f\u0131rl\u0131kl\u0131 olarak s\u00fclf\u00fcrik asit \u00fcretiminde kullan\u0131lan g\u00fcbreler, deterjanlar (LABSA), ka\u011f\u0131t, g\u0131da sanayi, tar\u0131m, oto lastikleri, patlay\u0131c\u0131lar, kimyasallar ve boyalar, at\u0131k su ar\u0131t\u0131m\u0131 gibi at\u0131k su ar\u0131t\u0131m\u0131nda da geni\u015f bir kullan\u0131m alan\u0131 bulmaktad\u0131r.<\/span><\/p>","protected":false},"featured_media":14327,"template":"","meta":[],"product_brand":[],"product_cat":[17],"product_tag":[],"class_list":{"0":"post-14326","1":"product","2":"type-product","3":"status-publish","4":"has-post-thumbnail","6":"product_cat-genel","8":"first","9":"instock","10":"shipping-taxable","11":"product-type-simple"},"aioseo_notices":[],"_links":{"self":[{"href":"https:\/\/atlfactory.com\/en\/wp-json\/wp\/v2\/product\/14326","targetHints":{"allow":["GET"]}}],"collection":[{"href":"https:\/\/atlfactory.com\/en\/wp-json\/wp\/v2\/product"}],"about":[{"href":"https:\/\/atlfactory.com\/en\/wp-json\/wp\/v2\/types\/product"}],"wp:featuredmedia":[{"embeddable":true,"href":"https:\/\/atlfactory.com\/en\/wp-json\/wp\/v2\/media\/14327"}],"wp:attachment":[{"href":"https:\/\/atlfactory.com\/en\/wp-json\/wp\/v2\/media?parent=14326"}],"wp:term":[{"taxonomy":"product_brand","embeddable":true,"href":"https:\/\/atlfactory.com\/en\/wp-json\/wp\/v2\/product_brand?post=14326"},{"taxonomy":"product_cat","embeddable":true,"href":"https:\/\/atlfactory.com\/en\/wp-json\/wp\/v2\/product_cat?post=14326"},{"taxonomy":"product_tag","embeddable":true,"href":"https:\/\/atlfactory.com\/en\/wp-json\/wp\/v2\/product_tag?post=14326"}],"curies":[{"name":"wp","href":"https:\/\/api.w.org\/{rel}","templated":true}]}}