{"id":14328,"date":"2025-01-09T18:44:34","date_gmt":"2025-01-09T15:44:34","guid":{"rendered":"https:\/\/atlfactory.com\/?post_type=product&#038;p=14328"},"modified":"2025-01-13T15:02:39","modified_gmt":"2025-01-13T12:02:39","slug":"baz-yaglar","status":"publish","type":"product","link":"https:\/\/atlfactory.com\/en\/product\/baz-yaglar\/","title":{"rendered":"Baz Ya\u011flar"},"content":{"rendered":"","protected":false},"excerpt":{"rendered":"<p><span lang=\"en-US\">Baz<\/span> <span lang=\"en-US\">ya<\/span>\u011f<span lang=\"en-US\">lar<\/span>, <span lang=\"en-US\">ya<\/span>\u011f<span lang=\"en-US\">lay<\/span>\u0131<span lang=\"en-US\">c<\/span>\u0131<span lang=\"en-US\">lar<\/span>, <span lang=\"en-US\">motor<\/span> <span lang=\"en-US\">ya<\/span>\u011f\u0131 <span lang=\"en-US\">ve<\/span> <span lang=\"en-US\">metal<\/span> <span lang=\"en-US\">i<\/span>\u015f<span lang=\"en-US\">leme<\/span> <span lang=\"en-US\">s<\/span>\u0131<span lang=\"en-US\">v<\/span>\u0131<span lang=\"en-US\">lar<\/span>\u0131 <span lang=\"en-US\">gibi<\/span> \u00fc<span lang=\"en-US\">r<\/span>\u00fc<span lang=\"en-US\">nler<\/span> <span lang=\"en-US\">yapmak<\/span> <span lang=\"en-US\">i<\/span>\u00e7<span lang=\"en-US\">in<\/span> <span lang=\"en-US\">kullan<\/span>\u0131<span lang=\"en-US\">l<\/span>\u0131<span lang=\"en-US\">r<\/span>. <span lang=\"en-US\">Farkl\u0131 \u00fcr\u00fcnler farkl\u0131 ya\u011f bile\u015fimleri ve \u00f6zellikleri gerektirir. En \u00f6nemli fakt\u00f6rlerden biri, s\u0131v\u0131n\u0131n farkl\u0131 s\u0131cakl\u0131klardaki viskozitesidir. Ham petrol\u00fcn baz ya\u011f \u00fcretimine uygunlu\u011fu, baz ya\u011f molek\u00fcllerinin konsantrasyonu ve bunlar\u0131n ne kadar kolay \u00e7\u0131kar\u0131labilece\u011fi ile belirlenir.<\/span><\/p>","protected":false},"featured_media":14329,"template":"","meta":[],"product_brand":[],"product_cat":[17],"product_tag":[],"class_list":{"0":"post-14328","1":"product","2":"type-product","3":"status-publish","4":"has-post-thumbnail","6":"product_cat-genel","8":"first","9":"instock","10":"shipping-taxable","11":"product-type-simple"},"aioseo_notices":[],"_links":{"self":[{"href":"https:\/\/atlfactory.com\/en\/wp-json\/wp\/v2\/product\/14328","targetHints":{"allow":["GET"]}}],"collection":[{"href":"https:\/\/atlfactory.com\/en\/wp-json\/wp\/v2\/product"}],"about":[{"href":"https:\/\/atlfactory.com\/en\/wp-json\/wp\/v2\/types\/product"}],"wp:featuredmedia":[{"embeddable":true,"href":"https:\/\/atlfactory.com\/en\/wp-json\/wp\/v2\/media\/14329"}],"wp:attachment":[{"href":"https:\/\/atlfactory.com\/en\/wp-json\/wp\/v2\/media?parent=14328"}],"wp:term":[{"taxonomy":"product_brand","embeddable":true,"href":"https:\/\/atlfactory.com\/en\/wp-json\/wp\/v2\/product_brand?post=14328"},{"taxonomy":"product_cat","embeddable":true,"href":"https:\/\/atlfactory.com\/en\/wp-json\/wp\/v2\/product_cat?post=14328"},{"taxonomy":"product_tag","embeddable":true,"href":"https:\/\/atlfactory.com\/en\/wp-json\/wp\/v2\/product_tag?post=14328"}],"curies":[{"name":"wp","href":"https:\/\/api.w.org\/{rel}","templated":true}]}}