{"id":14330,"date":"2025-01-09T18:48:18","date_gmt":"2025-01-09T15:48:18","guid":{"rendered":"https:\/\/atlfactory.com\/?post_type=product&#038;p=14330"},"modified":"2025-01-13T15:03:20","modified_gmt":"2025-01-13T12:03:20","slug":"beyaz-yag","status":"publish","type":"product","link":"https:\/\/atlfactory.com\/en\/product\/beyaz-yag\/","title":{"rendered":"Beyaz ya\u011f"},"content":{"rendered":"","protected":false},"excerpt":{"rendered":"<p>Mineral beyaz ya\u011flar, \u00e7ok d\u00fc\u015f\u00fck toksik polisiklik aromatik bile\u015fikler, a\u011f\u0131r metaller, k\u00fck\u00fcrt ve azot i\u00e7eren bile\u015fikler veya bunlar\u0131n tamamen yoklu\u011fu i\u00e7eren hidrokarbonlar\u0131n \u015feffaf, derinlemesine safla\u015ft\u0131r\u0131lm\u0131\u015f naften-parafin distilat fraksiyonlar\u0131d\u0131r.<\/p>\n<p>\u00c7o\u011fu mineral, kimyasal ve bitkisel \u00fcr\u00fcne k\u0131yasla daha fazla stabiliteye sahiptirler ve ola\u011fan\u00fcst\u00fc kimyasal etkisizli\u011fe sahiptirler. \u00dcretim s\u00fcre\u00e7leri, petrol rafinasyonunda en pahal\u0131 olanlardan biridir. Bu t\u00fcr ya\u011flar\u0131n bir\u00e7ok ad\u0131 vard\u0131r: beyaz ya\u011f, vazelin ya\u011f\u0131, teknik vazelin ya\u011f\u0131, parafin ya\u011f\u0131 vb.<\/p>\n<p>Beyaz ya\u011flar ila\u00e7, kozmetik, g\u0131da ve tekstil end\u00fcstrileri i\u00e7in de\u011ferli hammaddelerdir. Kimyasal ve biyolojik olarak beyaz ya\u011flar di\u011fer petrol ya\u011flar\u0131na g\u00f6re daha etkisizdir, ancak oksidasyon direnci ve ya\u011flama \u00f6zellikleri beyaz ya\u011flarda daha k\u00f6t\u00fcd\u00fcr.<\/p>","protected":false},"featured_media":14332,"template":"","meta":[],"product_brand":[],"product_cat":[17],"product_tag":[],"class_list":{"0":"post-14330","1":"product","2":"type-product","3":"status-publish","4":"has-post-thumbnail","6":"product_cat-genel","8":"first","9":"instock","10":"shipping-taxable","11":"product-type-simple"},"aioseo_notices":[],"_links":{"self":[{"href":"https:\/\/atlfactory.com\/en\/wp-json\/wp\/v2\/product\/14330","targetHints":{"allow":["GET"]}}],"collection":[{"href":"https:\/\/atlfactory.com\/en\/wp-json\/wp\/v2\/product"}],"about":[{"href":"https:\/\/atlfactory.com\/en\/wp-json\/wp\/v2\/types\/product"}],"wp:featuredmedia":[{"embeddable":true,"href":"https:\/\/atlfactory.com\/en\/wp-json\/wp\/v2\/media\/14332"}],"wp:attachment":[{"href":"https:\/\/atlfactory.com\/en\/wp-json\/wp\/v2\/media?parent=14330"}],"wp:term":[{"taxonomy":"product_brand","embeddable":true,"href":"https:\/\/atlfactory.com\/en\/wp-json\/wp\/v2\/product_brand?post=14330"},{"taxonomy":"product_cat","embeddable":true,"href":"https:\/\/atlfactory.com\/en\/wp-json\/wp\/v2\/product_cat?post=14330"},{"taxonomy":"product_tag","embeddable":true,"href":"https:\/\/atlfactory.com\/en\/wp-json\/wp\/v2\/product_tag?post=14330"}],"curies":[{"name":"wp","href":"https:\/\/api.w.org\/{rel}","templated":true}]}}